{"id":26,"date":"2017-05-29T08:35:49","date_gmt":"2017-05-29T08:35:49","guid":{"rendered":"http:\/\/raasikuvtp.ee\/?page_id=26"},"modified":"2020-01-07T03:57:26","modified_gmt":"2020-01-07T03:57:26","slug":"pohikiri","status":"publish","type":"page","link":"https:\/\/raasikuvtp.ee\/index.php\/pohikiri\/","title":{"rendered":"P\u00f5hikiri"},"content":{"rendered":"<p><strong>MT\u00dc Raasiku Tulet\u00f5rje\u00fchingu p\u00f5hikiri<\/strong><\/p>\n<p><strong>P\u00f5hikiri<\/strong><\/p>\n<ol>\n<li><strong> \u00dclds\u00e4tted<\/strong><\/li>\n<\/ol>\n<p>1.1 Mittetulundus\u00fching Raasiku Tulet\u00f5rje\u00fching (edaspidi: \u00dching) on vabatahtlikkuse alusel \u00fchinenud isikute iseseisev kasumit mitte taotlev organisatsioon, mis tegutseb avalikes huvides.<br \/>\n1.2.\u00dchingu asukohaks on Raasiku vald, Eesti Vabariik<br \/>\n1.3.\u00dchingu p\u00f5hieesm\u00e4rgiks on \u00a0p\u00e4\u00e4steala vabatahtlike \u00fchendamine, \u00fchistegevuse arendamine, oma liikmete kaudu ohutuma elukeskonna loomine, \u00fchistegevuse heade tavade tutvustamine ja rakendamine ning avalikkuse kaasamine ohutuma \u00fchiskonna arendamisse.<br \/>\n1.4. \u00dchingu p\u00f5hitegevusteks on pakkuda v\u00f5imekat p\u00e4\u00e4stealast tegevust Raasiku vallas ja l\u00e4hi\u00fcmbruses ning n\u00f5ustab ja koolitab elanikkonda.<\/p>\n<ol start=\"2\">\n<li><strong> \u00dchingu liikmeks vastuv\u00f5tmise ning \u00fchingust v\u00e4ljaastumise ning v\u00e4ljaarvamise tingimused ja kord<br \/>\n<\/strong>2.1 \u00dchingu liikmeks vastuv\u00f5tmist v\u00f5ib taotleda iga f\u00fc\u00fcsiline isik, kes soovib arendada \u00fchingu eesm\u00e4rkidega koosk\u00f5las olevat tegevust ja vastab v\u00e4emalt I astme vabatahtliku p\u00e4\u00e4stjale esitatud n\u00f5uetele<\/li>\n<\/ol>\n<p>2.2. \u00dchingu \u00a0liikmeks vastuv\u00f5tmise otsustab \u00fchingu juhatus kirjaliku avalduse alusel.<br \/>\n2.3. \u00dchingust v\u00e4ljaastumiseks esitab liige juhatusele kirjaliku avalduse.<br \/>\n2.4. \u00dchingu liikme v\u00f5ib \u00fchingust v\u00e4lja arvata juhatuse otsusega, kui:<br \/>\n2.4.1 \u00dchingu liige ei ole majandusaasta l\u00f5puks tasunud \u00fchingu liikmemaksu;<br \/>\n2.4.2 Ei ole viimase kolme aasta jooksul osalenud \u00fchelgi \u00fchingu \u00fcldkoosolekul v\u00f5i \u00fchingu poolt korraldatud \u00fcritusel;<br \/>\n2.5. \u00dchingu liikme v\u00e4ljaarvamise otsustab \u00fchingu juhatus oma koosolekul, teatades selle k\u00fcsimuse arutelust v\u00e4ljaarvatavale liikmele kirjalikult v\u00e4hemalt 2 n\u00e4dalat enne koosoleku toimumist ja tal on \u00f5igus osaleda s\u00f5na\u00f5igusega oma v\u00e4ljaarvamise k\u00fcsimuse arutamisel juhatuses . Liikme v\u00e4ljaarvamise otsus on langetatud, kui selle poolt on 1\/2\u00a0 juhatuse liikmetest.<br \/>\n2.6. \u00dchingu juhatuse poolt v\u00e4ljaarvatud liikmel on \u00f5igus n\u00f5uda v\u00e4ljaarvamise k\u00fcsimuse otsustamist v\u00e4ljaarvamisele j\u00e4rgneval \u00fchingu \u00fcldkoosolekul.<\/p>\n<p>&nbsp;<\/p>\n<ol start=\"3\">\n<li><strong> Liikmete \u00f5igused ja kohustused <\/strong><\/li>\n<\/ol>\n<p>3.1. \u00dchingu liikmetel on \u00f5igus:<br \/>\n3.1.1Osaleda h\u00e4\u00e4le\u00f5igusega \u00fchingu \u00fcldkoosolekul;<br \/>\n3.1.2 Olla valitud \u00fchingu juhtorganite liikmeks;<br \/>\n3.1.2\u00a0 Saada \u00fchingu \u00a0juhatuselt ja muudelt organitelt igak\u00fclset teavet \u00fchingu tegevuse kohta;<\/p>\n<p>3.2. \u00a0\u00dchingu liige on kohustatud:<br \/>\n3.2.1 J\u00e4rgima \u00fchingu tegevuses osalemisel p\u00f5hikirja ja \u00fchingu juhtorganite otsuseid;<br \/>\n3.2.2 Tasuma m\u00e4\u00e4ratud liikmemaksu;<br \/>\n3.2.3 Teatama \u00fchingu juhatusele \u00fchingu liikmete arvestuse pidamiseks oma kehtivad kontaktandmed;<br \/>\n3.3. Liikmemaksule ja sisseastumismaksule t\u00e4iendavaid varalisi kohustusi v\u00f5ib \u00fchingu liikmele panna ainult \u00fcldkoosoleku otsusega.<br \/>\n<strong>4. \u00dcldkoosolek<br \/>\n<\/strong>4.1. \u00dchingu k\u00f5rgeimaks organiks on \u00fchingu \u00fcldkoosolek, millel igal \u00fchingu liikmel on \u00fcks h\u00e4\u00e4l.<br \/>\n4.2.\u00dchingu \u00a0\u00fcldkoosoleku p\u00e4devuses on:<br \/>\n4.2.1 P\u00f5hikirja muutmine<\/p>\n<p>4.2.2\u00a0 Eesm\u00e4rgi muutmine \u00a0eesm\u00e4rgi puhul 9\/10 liikmete n\u00f5usolek)<br \/>\n4.2.3\u00a0 Juhatuse liikmete m\u00e4\u00e4ramine<br \/>\n4.2.4\u00a0 Juhatuse v\u00f5i muu organi liikmega tehingu tegemise v\u00f5i tema vastu n\u00f5ude esitamise otsustamine ja selles tehingus v\u00f5i n\u00f5udes \u00fchingu esindaja m\u00e4\u00e4ramine<br \/>\n4.2.5 \u00a0\u00dchingule kuuluvate kinnisasjade ja registrisse kantavate vallasasjade v\u00f5\u00f5randamise ja asja\u00f5igustega koormamise otsustamine ja tingimuste m\u00e4\u00e4ramine nimetatud tehinguteks<br \/>\n4.2.6 Muude k\u00fcsimuste otsustamine, mida ei ole seaduse v\u00f5i p\u00f5hikirjaga antud teiste organite p\u00e4devusse<br \/>\n4.3.\u00dchingu \u00fcldkoosoleku kutsub kokku juhatus v\u00e4hemalt korra aastas:<br \/>\n4.3.1 Aastaaruande kinnitamiseks<br \/>\n4.3.2 Seaduses m\u00e4\u00e4ratud ja muudel juhtudel, kui \u00fchingu huvid seda n\u00f5uavad<\/p>\n<p>4.4. \u00dcldkoosoleku kokkukutsumiseks avaldab \u00fchingu juhatus v\u00e4hemalt seitse p\u00e4eva enne \u00fcldkoosoleku toimumist teate, n\u00e4idates \u00e4ra \u00fcldkoosoleku toimumise aja, koha ja p\u00e4evakorra,e-maili teel.<br \/>\n4.5. \u00dcldkoosolek on otsustusv\u00f5imeline, kui sellel osaleb v\u00f5i on volitusega esindatud \u00fcle poole \u00fchingu liikmetest<\/p>\n<p>4.6.\u00dcldkoosoleku otsus on vastu v\u00f5etud, kui selle poolt on \u00fcle poole koosolekul osalenud \u00fchingu liikmetest v\u00f5i nende volitaud esindajad.<\/p>\n<p>4.6.1 P\u00f5hikirja muutmiseks 2\/3 \u00fcldkoosolekul osalejatest<\/p>\n<p>4.6.2 Eesm\u00e4rgi muutmise puhul 9\/10 liikmete n\u00f5usolek<br \/>\n<strong>5. Juhatus<\/strong><\/p>\n<p>5.1. \u00dchingut juhib ja esindab igap\u00e4evaselt \u00fche- kuni neljaliikmeline juhatus, mis valitakse \u00fcldkoosoleku poolt kuni viieks aastaks. Juhatuse liikmete tasustamise kord ja lepingute s\u00f5lmimine on \u00fcldkoosoleku p\u00e4devuses.<br \/>\n5.2. \u00dchingu nimel teostatavate tehingute, mille suurus \u00fcletab 15\u00a0000 eurot, sooritamiseks peab juhatus saama eelneva n\u00f5usoleku \u00fcldkoosolekult.<\/p>\n<p>5.3. Juhatuse otsuse langetamiseks on vajalik juhatuse liikmete poolth\u00e4\u00e4lteenamus<\/p>\n<p>5.4. Juhatuse koosolekud toimuvad vastavalt vajadusele.<\/p>\n<ol start=\"6\">\n<li><strong> \u00dchinemine, jagunemine, likvideerimine.<\/strong><\/li>\n<\/ol>\n<p>6.1. \u00dchingu \u00fchinemine, jagunemine ja likvideerimine toimuvad seaduses s\u00e4testatud korras.<br \/>\n6.2. \u00dchingu likvideerijateks on juhatuse liikmed v\u00f5i \u00fcldkoosoleku poolt m\u00e4\u00e4ratud isikud.<br \/>\n6.3. \u00dchingu likvideerimisel antakse p\u00e4rast v\u00f5lausaldajate n\u00f5uete rahuldamist allesj\u00e4\u00e4nud vara sarnase eesm\u00e4rgiga mittetulundus\u00fchingule, sihtasutusele v\u00f5i avalik-\u00f5iguslikule juriidilisele isikule.<\/p>\n<p>P\u00f5hikiri on vastu v\u00f5etud 20.11.2017.a. toimunud \u00fcldkoosolekul.<\/p>\n<p>MT\u00dc Raasiku Tulet\u00f5rje\u00fchingu P\u00f5hikiri<\/p>\n<p>&nbsp;<\/p>\n","protected":false},"excerpt":{"rendered":"<p>MT\u00dc Raasiku Tulet\u00f5rje\u00fchingu p\u00f5hikiri P\u00f5hikiri \u00dclds\u00e4tted 1.1 Mittetulundus\u00fching Raasiku Tulet\u00f5rje\u00fching (edaspidi: \u00dching) on vabatahtlikkuse alusel \u00fchinenud isikute iseseisev kasumit mitte taotlev organisatsioon, mis tegutseb avalikes huvides. 1.2.\u00dchingu asukohaks on Raasiku vald, Eesti Vabariik 1.3.\u00dchingu p\u00f5hieesm\u00e4rgiks on \u00a0p\u00e4\u00e4steala vabatahtlike \u00fchendamine, \u00fchistegevuse arendamine, oma liikmete kaudu ohutuma elukeskonna loomine, \u00fchistegevuse heade tavade tutvustamine ja rakendamine ning avalikkuse <a href=\"https:\/\/raasikuvtp.ee\/index.php\/pohikiri\/\" rel=\"nofollow\"><span class=\"sr-only\">Read more about P\u00f5hikiri<\/span>[&#8230;]<\/a><\/p>\n","protected":false},"author":1,"featured_media":0,"parent":0,"menu_order":0,"comment_status":"closed","ping_status":"closed","template":"template-fullwidth.php","meta":{"footnotes":""},"class_list":["post-26","page","type-page","status-publish","hentry"],"_links":{"self":[{"href":"https:\/\/raasikuvtp.ee\/index.php\/wp-json\/wp\/v2\/pages\/26","targetHints":{"allow":["GET"]}}],"collection":[{"href":"https:\/\/raasikuvtp.ee\/index.php\/wp-json\/wp\/v2\/pages"}],"about":[{"href":"https:\/\/raasikuvtp.ee\/index.php\/wp-json\/wp\/v2\/types\/page"}],"author":[{"embeddable":true,"href":"https:\/\/raasikuvtp.ee\/index.php\/wp-json\/wp\/v2\/users\/1"}],"replies":[{"embeddable":true,"href":"https:\/\/raasikuvtp.ee\/index.php\/wp-json\/wp\/v2\/comments?post=26"}],"version-history":[{"count":5,"href":"https:\/\/raasikuvtp.ee\/index.php\/wp-json\/wp\/v2\/pages\/26\/revisions"}],"predecessor-version":[{"id":146,"href":"https:\/\/raasikuvtp.ee\/index.php\/wp-json\/wp\/v2\/pages\/26\/revisions\/146"}],"wp:attachment":[{"href":"https:\/\/raasikuvtp.ee\/index.php\/wp-json\/wp\/v2\/media?parent=26"}],"curies":[{"name":"wp","href":"https:\/\/api.w.org\/{rel}","templated":true}]}}