{"id":31,"date":"2017-05-29T08:37:53","date_gmt":"2017-05-29T08:37:53","guid":{"rendered":"http:\/\/raasikuvtp.ee\/?page_id=31"},"modified":"2017-05-29T08:37:53","modified_gmt":"2017-05-29T08:37:53","slug":"vabatahtlik-paastja","status":"publish","type":"page","link":"https:\/\/raasikuvtp.ee\/index.php\/vabatahtlik-paastja\/","title":{"rendered":"Vabatahtlik P\u00e4\u00e4stja"},"content":{"rendered":"<p class=\"lead\">Vabatahtlikud p\u00e4\u00e4stjad osalevad vabatahtlikult p\u00e4\u00e4ste- v\u00f5i ennetust\u00f6\u00f6l. Kokkuleppel t\u00f6\u00f6andjaga v\u00f5ib vabatahtlik teha p\u00e4\u00e4ste- v\u00f5i ennetust\u00f6\u00f6d ka t\u00f6\u00f6ajast.<\/p>\n<p>Vabatahtlik p\u00e4\u00e4stja on aktiivne ja p\u00e4\u00e4stevaldkonda tundev inimene. Ta pakub oma perele, naabrile ja kogukonnale<\/p>\n<ul>\n<li>turvatunnet;<\/li>\n<li>kiiret abi \u00f5nnetuse korral;<\/li>\n<li>eeskuju;<\/li>\n<li>\u00f5igeid hoiakuid ja k\u00e4itumisjuhiseid.<\/li>\n<\/ul>\n<p>Vabatahtlik p\u00e4\u00e4stja<\/p>\n<ul>\n<li>reageerib kodukohas toimunud \u00f5nnetusele v\u00f5i muule p\u00e4\u00e4stevaldkonna probleemile;<\/li>\n<li>ennetab ohuolukordi;<\/li>\n<li>koolitab teisi ja t\u00f5stab nende ohuteadlikkust.<\/li>\n<\/ul>\n<p>Ta on<\/p>\n<ul>\n<li>p\u00e4\u00e4steameti professionaalne abi p\u00e4\u00e4stes\u00fcndmuste korral ja ennetust\u00f6\u00f6s;<\/li>\n<li>kogukonna tegus kodanik.<\/li>\n<\/ul>\n","protected":false},"excerpt":{"rendered":"<p>Vabatahtlikud p\u00e4\u00e4stjad osalevad vabatahtlikult p\u00e4\u00e4ste- v\u00f5i ennetust\u00f6\u00f6l. Kokkuleppel t\u00f6\u00f6andjaga v\u00f5ib vabatahtlik teha p\u00e4\u00e4ste- v\u00f5i ennetust\u00f6\u00f6d ka t\u00f6\u00f6ajast. Vabatahtlik p\u00e4\u00e4stja on aktiivne ja p\u00e4\u00e4stevaldkonda tundev inimene. Ta pakub oma perele, naabrile ja kogukonnale turvatunnet; kiiret abi \u00f5nnetuse korral; eeskuju; \u00f5igeid hoiakuid ja k\u00e4itumisjuhiseid. Vabatahtlik p\u00e4\u00e4stja reageerib kodukohas toimunud \u00f5nnetusele v\u00f5i muule p\u00e4\u00e4stevaldkonna probleemile; ennetab ohuolukordi; koolitab <a href=\"https:\/\/raasikuvtp.ee\/index.php\/vabatahtlik-paastja\/\" rel=\"nofollow\"><span class=\"sr-only\">Read more about Vabatahtlik P\u00e4\u00e4stja<\/span>[&#8230;]<\/a><\/p>\n","protected":false},"author":1,"featured_media":0,"parent":0,"menu_order":0,"comment_status":"closed","ping_status":"closed","template":"template-fullwidth.php","meta":{"footnotes":""},"class_list":["post-31","page","type-page","status-publish","hentry"],"_links":{"self":[{"href":"https:\/\/raasikuvtp.ee\/index.php\/wp-json\/wp\/v2\/pages\/31","targetHints":{"allow":["GET"]}}],"collection":[{"href":"https:\/\/raasikuvtp.ee\/index.php\/wp-json\/wp\/v2\/pages"}],"about":[{"href":"https:\/\/raasikuvtp.ee\/index.php\/wp-json\/wp\/v2\/types\/page"}],"author":[{"embeddable":true,"href":"https:\/\/raasikuvtp.ee\/index.php\/wp-json\/wp\/v2\/users\/1"}],"replies":[{"embeddable":true,"href":"https:\/\/raasikuvtp.ee\/index.php\/wp-json\/wp\/v2\/comments?post=31"}],"version-history":[{"count":1,"href":"https:\/\/raasikuvtp.ee\/index.php\/wp-json\/wp\/v2\/pages\/31\/revisions"}],"predecessor-version":[{"id":32,"href":"https:\/\/raasikuvtp.ee\/index.php\/wp-json\/wp\/v2\/pages\/31\/revisions\/32"}],"wp:attachment":[{"href":"https:\/\/raasikuvtp.ee\/index.php\/wp-json\/wp\/v2\/media?parent=31"}],"curies":[{"name":"wp","href":"https:\/\/api.w.org\/{rel}","templated":true}]}}