{"id":33,"date":"2017-05-29T08:38:33","date_gmt":"2017-05-29T08:38:33","guid":{"rendered":"http:\/\/raasikuvtp.ee\/?page_id=33"},"modified":"2017-05-29T08:38:33","modified_gmt":"2017-05-29T08:38:33","slug":"vabatahtliku-paastja-tegevused","status":"publish","type":"page","link":"https:\/\/raasikuvtp.ee\/index.php\/vabatahtliku-paastja-tegevused\/","title":{"rendered":"Vabatahtliku p\u00e4\u00e4stja tegevused"},"content":{"rendered":"<p class=\"lead\">P\u00e4\u00e4stja v\u00f5ib teha nii p\u00e4\u00e4ste- kui ennetust\u00f6\u00f6d.<\/p>\n<p><strong>P\u00e4\u00e4stet\u00f6\u00f6<\/strong> t\u00e4hendab reageerimist p\u00e4\u00e4stes\u00fcndmustele koos p\u00e4\u00e4steametnikuga v\u00f5i \u00fcksi, l\u00e4htudes ametniku korraldustest.<\/p>\n<p><strong>Ennetust\u00f6\u00f6<\/strong><strong>\u00a0<\/strong>on elanikkonna teavitamine ja juhendamine, et iga\u00fcks looks ning v\u00e4\u00e4rtustaks ohutust ja turvalisust, mis aitab v\u00e4hendada \u00f5nnetuste ja nende l\u00e4bi hukkunute ning vigastatute arvu, samuti \u00f5nnetustega kaasnevate kahjude suurust.<\/p>\n","protected":false},"excerpt":{"rendered":"<p>P\u00e4\u00e4stja v\u00f5ib teha nii p\u00e4\u00e4ste- kui ennetust\u00f6\u00f6d. P\u00e4\u00e4stet\u00f6\u00f6 t\u00e4hendab reageerimist p\u00e4\u00e4stes\u00fcndmustele koos p\u00e4\u00e4steametnikuga v\u00f5i \u00fcksi, l\u00e4htudes ametniku korraldustest. Ennetust\u00f6\u00f6\u00a0on elanikkonna teavitamine ja juhendamine, et iga\u00fcks looks ning v\u00e4\u00e4rtustaks ohutust ja turvalisust, mis aitab v\u00e4hendada \u00f5nnetuste ja nende l\u00e4bi hukkunute ning vigastatute arvu, samuti \u00f5nnetustega kaasnevate kahjude suurust.<\/p>\n","protected":false},"author":1,"featured_media":0,"parent":0,"menu_order":0,"comment_status":"closed","ping_status":"closed","template":"template-fullwidth.php","meta":{"footnotes":""},"class_list":["post-33","page","type-page","status-publish","hentry"],"_links":{"self":[{"href":"https:\/\/raasikuvtp.ee\/index.php\/wp-json\/wp\/v2\/pages\/33","targetHints":{"allow":["GET"]}}],"collection":[{"href":"https:\/\/raasikuvtp.ee\/index.php\/wp-json\/wp\/v2\/pages"}],"about":[{"href":"https:\/\/raasikuvtp.ee\/index.php\/wp-json\/wp\/v2\/types\/page"}],"author":[{"embeddable":true,"href":"https:\/\/raasikuvtp.ee\/index.php\/wp-json\/wp\/v2\/users\/1"}],"replies":[{"embeddable":true,"href":"https:\/\/raasikuvtp.ee\/index.php\/wp-json\/wp\/v2\/comments?post=33"}],"version-history":[{"count":1,"href":"https:\/\/raasikuvtp.ee\/index.php\/wp-json\/wp\/v2\/pages\/33\/revisions"}],"predecessor-version":[{"id":34,"href":"https:\/\/raasikuvtp.ee\/index.php\/wp-json\/wp\/v2\/pages\/33\/revisions\/34"}],"wp:attachment":[{"href":"https:\/\/raasikuvtp.ee\/index.php\/wp-json\/wp\/v2\/media?parent=33"}],"curies":[{"name":"wp","href":"https:\/\/api.w.org\/{rel}","templated":true}]}}