{"id":35,"date":"2017-05-29T08:39:23","date_gmt":"2017-05-29T08:39:23","guid":{"rendered":"http:\/\/raasikuvtp.ee\/?page_id=35"},"modified":"2017-05-29T08:42:39","modified_gmt":"2017-05-29T08:42:39","slug":"vabatahtlikuks-paastjaks-saamine","status":"publish","type":"page","link":"https:\/\/raasikuvtp.ee\/index.php\/vabatahtlikuks-paastjaks-saamine\/","title":{"rendered":"Vabatahtlikuks p\u00e4\u00e4stjaks saamine"},"content":{"rendered":"<p class=\"lead\">Vabatahtlikuks p\u00e4\u00e4stjaks on oodatud k\u00f5ik, kes tahavad edendada oma kogukonna turvalisust. Soovija peab l\u00e4bima koolituse ja sooritama p\u00e4\u00e4stekeskuse korraldatud eksami.<\/p>\n<p>Vabatahtlikuks p\u00e4\u00e4stjaks v\u00f5id saada, kui oled<\/p>\n<ul>\n<li>v\u00e4hemalt 18aastane;<\/li>\n<li>suudad t\u00f6\u00f6tada stabiilselt ja tulemuslikult pingeolukorras ning oskad teha meeskonnat\u00f6\u00f6d;<\/li>\n<li>aus, kohusetundlik, otsustus- ja vastutusv\u00f5imeline, sealhulgas suudad langetada iseseisvaid otsuseid oma p\u00e4devuse piires ning oskad n\u00e4ha ette nende tagaj\u00e4rgi.<\/li>\n<\/ul>\n<p>F\u00fc\u00fcsiline ettevalmistus peab tagama p\u00e4\u00e4ste\u00fclesannete n\u00f5uetekohase t\u00e4itmise.<\/p>\n<p>Arst kontrollib kandidaadi tervist. Kontrolli ei pea l\u00e4bima, kui soovija vastab liiklusseaduse alusel mootors\u00f5idukijuhile, trammijuhile v\u00f5i juhtimis\u00f5iguse taotlejale kehtestatud tervisen\u00f5uetele. Vastavust t\u00f5endab mootors\u00f5idukijuhi terviset\u00f5end, mille j\u00e4rgi tervisekontrollist ei ole m\u00f6\u00f6dunud \u00fcle viie aasta.<\/p>\n<p>Vabatahtlikuks p\u00e4\u00e4stjaks soovija peab esmalt v\u00f5tma \u00fchendust piirkondliku p\u00e4\u00e4stekeskuse koordinaatoriga. Tema \u00fctleb, mida edasi teha. Koordinaatorite kontaktid on j\u00e4rgmised.<\/p>\n<table border=\"0\">\n<tbody>\n<tr>\n<td>P\u00f5hja p\u00e4\u00e4stekeskus (Tallinn ja Harjumaa)<\/td>\n<td>Krista Jaamul<\/td>\n<td><a href=\"mailto:krista.jaamul@rescue.ee\">krista.jaamul@rescue.ee<\/a><\/td>\n<td><\/td>\n<\/tr>\n<tr>\n<td>L\u00f5una p\u00e4\u00e4stekeskus (Valgamaa, Tartumaa, V\u00f5rumaa, J\u00f5gevamaa, Viljandimaa ja P\u00f5lvamaa)<\/td>\n<td>Tiit Piiskoppel<\/td>\n<td><a href=\"mailto:tiit.piiskoppel@rescue.ee\">tiit.piiskoppel@rescue.ee<\/a><\/td>\n<td><\/td>\n<\/tr>\n<tr>\n<td>Ida p\u00e4\u00e4stekeskus (L\u00e4\u00e4ne- ja Ida-Virumaa)<\/td>\n<td>Vilve Kirs<\/td>\n<td><a href=\"mailto:vilve.kirs@rescue.ee\">vilve.kirs@rescue.ee<\/a><\/td>\n<td><\/td>\n<\/tr>\n<tr>\n<td>L\u00e4\u00e4ne p\u00e4\u00e4stekeskus (L\u00e4\u00e4nemaa, Hiiumaa, Raplamaa, Saaremaa, J\u00e4rvamaa ja P\u00e4rnumaa)<\/td>\n<td>Lauri Lindoja<\/td>\n<td><a href=\"mailto:lauri.lindoja@rescue.ee\">lauri.lindoja@rescue.ee<\/a><\/td>\n<td><\/td>\n<\/tr>\n<tr>\n<td><\/td>\n<td><\/td>\n<td><\/td>\n<td><\/td>\n<\/tr>\n<\/tbody>\n<\/table>\n<p><strong>Vabatahtliku p\u00e4\u00e4stja e-\u00f5pikeskkonna leiad <a href=\"http:\/\/priitahtlik.ee\/\">www.priitahtlik.ee<\/a>!<br \/>\n<\/strong><\/p>\n<p>Esmajoones ootame e-\u00f5ppe keskkonnas kursust sooritama inimesed, kellel on t\u00f5sine soov ja tahe p\u00fchendada oma vaba aega vabatahtlikuks p\u00e4\u00e4stjaks olemisele. Oleks suurep\u00e4rane kui kursusel osalenu leiaks endale sobiva vabatahtliku p\u00e4\u00e4stekomando v\u00f5i seltsingu, kes tegeleb tuleohutusalase ennetust\u00f6\u00f6ga, seal saab \u00f5pitut kasutada ja rakendada.<\/p>\n<p>Vabatahtlike komandode asukohad leiad <a href=\"http:\/\/xn--psteamet-0zaa.ee\/et\/vabatahtlikud\/\">selle lehek\u00fclje alaosast<\/a>!<\/p>\n<p>Kui ei ole soovi otseselt saada vabatahtlikuks p\u00e4\u00e4stjaks, siis v\u00f5ite alati l\u00e4bida ainult e-\u00f5ppe teoreetilise osa. Teadmisi ei ole kunagi liiga palju!<\/p>\n","protected":false},"excerpt":{"rendered":"<p>Vabatahtlikuks p\u00e4\u00e4stjaks on oodatud k\u00f5ik, kes tahavad edendada oma kogukonna turvalisust. Soovija peab l\u00e4bima koolituse ja sooritama p\u00e4\u00e4stekeskuse korraldatud eksami. Vabatahtlikuks p\u00e4\u00e4stjaks v\u00f5id saada, kui oled v\u00e4hemalt 18aastane; suudad t\u00f6\u00f6tada stabiilselt ja tulemuslikult pingeolukorras ning oskad teha meeskonnat\u00f6\u00f6d; aus, kohusetundlik, otsustus- ja vastutusv\u00f5imeline, sealhulgas suudad langetada iseseisvaid otsuseid oma p\u00e4devuse piires ning oskad n\u00e4ha ette <a href=\"https:\/\/raasikuvtp.ee\/index.php\/vabatahtlikuks-paastjaks-saamine\/\" rel=\"nofollow\"><span class=\"sr-only\">Read more about Vabatahtlikuks p\u00e4\u00e4stjaks saamine<\/span>[&#8230;]<\/a><\/p>\n","protected":false},"author":1,"featured_media":0,"parent":0,"menu_order":0,"comment_status":"closed","ping_status":"closed","template":"template-fullwidth.php","meta":{"footnotes":""},"class_list":["post-35","page","type-page","status-publish","hentry"],"_links":{"self":[{"href":"https:\/\/raasikuvtp.ee\/index.php\/wp-json\/wp\/v2\/pages\/35","targetHints":{"allow":["GET"]}}],"collection":[{"href":"https:\/\/raasikuvtp.ee\/index.php\/wp-json\/wp\/v2\/pages"}],"about":[{"href":"https:\/\/raasikuvtp.ee\/index.php\/wp-json\/wp\/v2\/types\/page"}],"author":[{"embeddable":true,"href":"https:\/\/raasikuvtp.ee\/index.php\/wp-json\/wp\/v2\/users\/1"}],"replies":[{"embeddable":true,"href":"https:\/\/raasikuvtp.ee\/index.php\/wp-json\/wp\/v2\/comments?post=35"}],"version-history":[{"count":1,"href":"https:\/\/raasikuvtp.ee\/index.php\/wp-json\/wp\/v2\/pages\/35\/revisions"}],"predecessor-version":[{"id":36,"href":"https:\/\/raasikuvtp.ee\/index.php\/wp-json\/wp\/v2\/pages\/35\/revisions\/36"}],"wp:attachment":[{"href":"https:\/\/raasikuvtp.ee\/index.php\/wp-json\/wp\/v2\/media?parent=35"}],"curies":[{"name":"wp","href":"https:\/\/api.w.org\/{rel}","templated":true}]}}