{"id":42,"date":"2017-05-29T12:50:01","date_gmt":"2017-05-29T12:50:01","guid":{"rendered":"http:\/\/raasikuvtp.ee\/?page_id=42"},"modified":"2021-10-15T06:33:59","modified_gmt":"2021-10-15T06:33:59","slug":"galerii","status":"publish","type":"page","link":"https:\/\/raasikuvtp.ee\/index.php\/galerii\/","title":{"rendered":"Galerii"},"content":{"rendered":"<p><img loading=\"lazy\" decoding=\"async\" class=\"alignnone size-medium wp-image-283\" src=\"http:\/\/raasikuvtp.ee\/wp-content\/uploads\/2017\/05\/Leaderi-silt-300x180.png\" alt=\"\" width=\"300\" height=\"180\" srcset=\"http:\/\/www.raasikuvtp.ee\/wp-content\/uploads\/2017\/05\/Leaderi-silt-300x180.png 300w, http:\/\/www.raasikuvtp.ee\/wp-content\/uploads\/2017\/05\/Leaderi-silt-768x462.png 768w, http:\/\/www.raasikuvtp.ee\/wp-content\/uploads\/2017\/05\/Leaderi-silt-250x150.png 250w, http:\/\/www.raasikuvtp.ee\/wp-content\/uploads\/2017\/05\/Leaderi-silt.png 988w\" sizes=\"auto, (max-width: 300px) 100vw, 300px\" \/> <img loading=\"lazy\" decoding=\"async\" class=\"alignnone size-medium wp-image-287\" src=\"http:\/\/raasikuvtp.ee\/wp-content\/uploads\/2017\/05\/Aruk\u00fcla-uus-komandohoone-300x225.jpg\" alt=\"\" width=\"300\" height=\"225\" srcset=\"http:\/\/www.raasikuvtp.ee\/wp-content\/uploads\/2017\/05\/Aruk\u00fcla-uus-komandohoone-300x225.jpg 300w, http:\/\/www.raasikuvtp.ee\/wp-content\/uploads\/2017\/05\/Aruk\u00fcla-uus-komandohoone-768x576.jpg 768w, http:\/\/www.raasikuvtp.ee\/wp-content\/uploads\/2017\/05\/Aruk\u00fcla-uus-komandohoone-1024x768.jpg 1024w, http:\/\/www.raasikuvtp.ee\/wp-content\/uploads\/2017\/05\/Aruk\u00fcla-uus-komandohoone-250x188.jpg 250w, http:\/\/www.raasikuvtp.ee\/wp-content\/uploads\/2017\/05\/Aruk\u00fcla-uus-komandohoone-285x214.jpg 285w\" sizes=\"auto, (max-width: 300px) 100vw, 300px\" \/><a href=\"http:\/\/www.koolitamine.ee\"><em><strong>Raasiku Tulet\u00f5rje\u00fchingu<\/strong><strong> Aruk\u00fcla komandohoone\u00a0 on ehitatud\u00a0 p\u00e4\u00e4stekomando p\u00f5hikirjaliste tegevuste l\u00e4biviimiseks. Uues komandohoones on piisalt ruumi ka tulevikus suuremahuliste p\u00e4\u00e4stet\u00f6\u00f6des osalemiseks. On loodud k\u00f5ik olmelised tingimused , pesemise v\u00f5imalus, riiete kuivatamine. Teisel korrusel olevas saalis on v\u00f5imalik l\u00e4bi viia koolitusi isikkooseisule. Samuti korraldada koolitusi kooli\u00f5pilastele. Uue komando valmine t\u00f5mbab rohkem komandosse noori, kes soovivad liitud \u00fchingu tegevusega. Komando hoonet rahastati LEADER PREOJKTIST &#8211; meede Elukeskkonnaarendamine , Raasiku vallavlitus ja \u00fchingu vahenditest.\u00a0<\/strong><\/em><\/a><\/p>\n<h5 class=\"ng-binding\"><\/h5>\n<p><a href=\"http:\/\/www.koolitamine.ee\"><em><strong><\/strong><\/em><\/a><\/p>\n<ul class=\"info\">\n<li class=\"ng-scope\" data-ng-if=\"pais.alammeedeKlf\">\n<p class=\"ng-binding\">\n<\/li>\n<li class=\"ng-scope\" data-ng-if=\"pais.paremusjarjestuseKinnitamineKp\"><\/li>\n<\/ul>\n<p><a href=\"http:\/\/www.koolitamine.ee\"><em><strong><\/strong><\/em><\/a><\/p>\n<p><img decoding=\"async\" src=\"https:\/\/scontent-hel3-1.xx.fbcdn.net\/v\/t1.6435-9\/202625144_4249213855127028_8939222731565399855_n.jpg?_nc_cat=102&amp;ccb=1-5&amp;_nc_sid=973b4a&amp;_nc_ohc=Qnc_uIbY-XkAX82dQfl&amp;_nc_ht=scontent-hel3-1.xx&amp;oh=cb73e8fcc81d71de3eae2fa015961604&amp;oe=6153A401\" alt=\"Kasutaja P\u00e4\u00e4steliit foto.\" \/><\/p>\n<p><img decoding=\"async\" src=\"https:\/\/scontent-hel3-1.xx.fbcdn.net\/v\/t1.6435-9\/202938348_4249213848460362_9079358952080982856_n.jpg?_nc_cat=102&amp;ccb=1-5&amp;_nc_sid=973b4a&amp;_nc_ohc=UBwAcWsmwuoAX-098uN&amp;_nc_ht=scontent-hel3-1.xx&amp;oh=12a3db582a9d93d75e41bc9093fe26bf&amp;oe=6157313E\" alt=\"Kasutaja P\u00e4\u00e4steliit foto.\" \/><img decoding=\"async\" src=\"https:\/\/scontent-hel3-1.xx.fbcdn.net\/v\/t1.6435-9\/204851461_4249229985125415_7634360614019175687_n.jpg?_nc_cat=107&amp;ccb=1-5&amp;_nc_sid=973b4a&amp;_nc_ohc=XvUQ9DDoUVAAX_wzIcC&amp;_nc_ht=scontent-hel3-1.xx&amp;oh=acc36d677f5655ca9181467d11c55fcf&amp;oe=6153BAFA\" alt=\"Kasutaja P\u00e4\u00e4steliit foto.\" \/><img decoding=\"async\" src=\"https:\/\/scontent-hel3-1.xx.fbcdn.net\/v\/t1.6435-9\/205900326_4249239545124459_4969468257193708902_n.jpg?_nc_cat=101&amp;ccb=1-5&amp;_nc_sid=973b4a&amp;_nc_ohc=CkC3qJsjYGoAX9ISjfV&amp;_nc_ht=scontent-hel3-1.xx&amp;oh=d0889f3b634015d70fb60c5a845caca1&amp;oe=61570407\" alt=\"Kasutaja P\u00e4\u00e4steliit foto.\" \/><img decoding=\"async\" src=\"https:\/\/scontent-hel3-1.xx.fbcdn.net\/v\/t1.6435-9\/204439472_4249239358457811_5391117512648739953_n.jpg?_nc_cat=105&amp;ccb=1-5&amp;_nc_sid=973b4a&amp;_nc_ohc=5yrtN_KLTIwAX-CUrdP&amp;_nc_ht=scontent-hel3-1.xx&amp;oh=dd01cf8adac2722449fc4f3eca48cb50&amp;oe=61569AB0\" alt=\"Kasutaja P\u00e4\u00e4steliit foto.\" \/><img decoding=\"async\" src=\"https:\/\/scontent-hel3-1.xx.fbcdn.net\/v\/t1.6435-9\/204093760_4249230038458743_5787798766495257506_n.jpg?_nc_cat=101&amp;ccb=1-5&amp;_nc_sid=973b4a&amp;_nc_ohc=jjhHfzq2SKsAX8JCAug&amp;_nc_ht=scontent-hel3-1.xx&amp;oh=0bde7b4275a8c3d46412b1fc9f794c8f&amp;oe=615476C3\" alt=\"Kasutaja P\u00e4\u00e4steliit foto.\" \/><img decoding=\"async\" src=\"https:\/\/scontent-hel3-1.xx.fbcdn.net\/v\/t1.6435-9\/203174454_4249240228457724_3866669831343207031_n.jpg?_nc_cat=103&amp;ccb=1-5&amp;_nc_sid=973b4a&amp;_nc_ohc=TQ1CvF3LDrsAX9jNtda&amp;_nc_ht=scontent-hel3-1.xx&amp;oh=020097544c21dafdebe514dbdbac5983&amp;oe=61562A10\" alt=\"Kasutaja P\u00e4\u00e4steliit foto.\" \/><\/p>\n","protected":false},"excerpt":{"rendered":"<p>Raasiku Tulet\u00f5rje\u00fchingu Aruk\u00fcla komandohoone\u00a0 on ehitatud\u00a0 p\u00e4\u00e4stekomando p\u00f5hikirjaliste tegevuste l\u00e4biviimiseks. Uues komandohoones on piisalt ruumi ka tulevikus suuremahuliste p\u00e4\u00e4stet\u00f6\u00f6des osalemiseks. On loodud k\u00f5ik olmelised tingimused , pesemise v\u00f5imalus, riiete kuivatamine. Teisel korrusel olevas saalis on v\u00f5imalik l\u00e4bi viia koolitusi isikkooseisule. Samuti korraldada koolitusi kooli\u00f5pilastele. Uue komando valmine t\u00f5mbab rohkem komandosse noori, kes soovivad liitud \u00fchingu <a href=\"https:\/\/raasikuvtp.ee\/index.php\/galerii\/\" rel=\"nofollow\"><span class=\"sr-only\">Read more about Galerii<\/span>[&#8230;]<\/a><\/p>\n","protected":false},"author":1,"featured_media":0,"parent":0,"menu_order":0,"comment_status":"closed","ping_status":"closed","template":"template-fullwidth.php","meta":{"footnotes":""},"class_list":["post-42","page","type-page","status-publish","hentry"],"_links":{"self":[{"href":"https:\/\/raasikuvtp.ee\/index.php\/wp-json\/wp\/v2\/pages\/42","targetHints":{"allow":["GET"]}}],"collection":[{"href":"https:\/\/raasikuvtp.ee\/index.php\/wp-json\/wp\/v2\/pages"}],"about":[{"href":"https:\/\/raasikuvtp.ee\/index.php\/wp-json\/wp\/v2\/types\/page"}],"author":[{"embeddable":true,"href":"https:\/\/raasikuvtp.ee\/index.php\/wp-json\/wp\/v2\/users\/1"}],"replies":[{"embeddable":true,"href":"https:\/\/raasikuvtp.ee\/index.php\/wp-json\/wp\/v2\/comments?post=42"}],"version-history":[{"count":5,"href":"https:\/\/raasikuvtp.ee\/index.php\/wp-json\/wp\/v2\/pages\/42\/revisions"}],"predecessor-version":[{"id":260,"href":"https:\/\/raasikuvtp.ee\/index.php\/wp-json\/wp\/v2\/pages\/42\/revisions\/260"}],"wp:attachment":[{"href":"https:\/\/raasikuvtp.ee\/index.php\/wp-json\/wp\/v2\/media?parent=42"}],"curies":[{"name":"wp","href":"https:\/\/api.w.org\/{rel}","templated":true}]}}